{"id":2074,"date":"2021-11-22T07:42:39","date_gmt":"2021-11-22T06:42:39","guid":{"rendered":"https:\/\/server462349.nazwa.pl\/wordpress\/wpn_p309bip\/?page_id=2074"},"modified":"2022-11-25T08:47:43","modified_gmt":"2022-11-25T07:47:43","slug":"przedmiot-dzialania","status":"publish","type":"page","link":"https:\/\/kta.edu.pl\/bip\/?page_id=2074","title":{"rendered":"Przedmiot dzia\u0142ania"},"content":{"rendered":"<p><strong><u>Przedmiot\u00a0dzia\u0142ania <\/u><\/strong><strong><u>i kompetencje<\/u><\/strong><\/p>\n<p>Do zakresu dzia\u0142ania i kompetencji dyrektora nale\u017cy<\/p>\n<p>w szczeg\u00f3lno\u015bci:<\/p>\n<ul>\n<li>reprezentowanie przedszkola na zewn\u0105trz,<\/li>\n<li>kierowanie bie\u017c\u0105cymi sprawami przedszkola,<\/li>\n<li>wydawanie zarz\u0105dze\u0144 w zakresie swoich kompetencji,<\/li>\n<li>wydawanie indywidualnych polece\u0144 dla pracownik\u00f3w przedszkola w zakresie ich zada\u0144,<\/li>\n<li>wydawanie decyzji w obr\u0119bie swoich kompetencji, jako organ administracji publicznej,<\/li>\n<li>wykonywanie uprawnie\u0144 zwierzchnika s\u0142u\u017cbowego i pracodawcy wobec pracownik\u00f3w przedszkola, w tym tak\u017ce ich zatrudnianie i zwalnianie,<\/li>\n<li>przeprowadzania kontroli wewn\u0119trznej w przedszkolu,<\/li>\n<li>sprawowanie nadzoru pedagogicznego nad nauczycielami,<\/li>\n<li>wprowadzanie zmian do regulaminu organizacyjnego przedszkola<\/li>\n<\/ul>\n<p><strong>\u00a0<\/strong><\/p>\n<p>Nauczyciel odpowiada za zdrowie, bezpiecze\u0144stwo i opiek\u0119 powierzonych mu wychowank\u00f3w oraz za prawid\u0142owy przebieg procesu dydaktyczno-wychowawczego<\/p>\n<p>Do zakresu dzia\u0142ania i kompetencji kierownika gospodarczego nale\u017cy gospodarowanie \u015brodkami trwa\u0142ymi, materia\u0142ami i \u015brodkami nietrwa\u0142ymi, gospodarowanie got\u00f3wk\u0105 w przedszkolu, a w szczeg\u00f3lno\u015bci:<\/p>\n<ul>\n<li>dokonywanie zakup\u00f3w \u017cywieniowych, wyposa\u017cenia i materia\u0142\u00f3w biurowy i prowadzenie wymaganej dokumentacji,<\/li>\n<li>sprawowanie bezpo\u015bredniego nadzoru nad funkcjonowaniem kuchni i pozosta\u0142ego personelu obs\u0142ugi.<\/li>\n<li>Obs\u0142uga finansowo-ksi\u0119gowa przedszkola prowadzona jest przez gmin\u0119 wed\u0142ug zasad okre\u015blonych w\u00a0odr\u0119bnych przepisach.<\/li>\n<\/ul>\n<p>Do zada\u0144 pracownik\u00f3w obs\u0142ugi nale\u017cy w szczeg\u00f3lno\u015bci:<\/p>\n<ul>\n<li>organizacja i zapewnienie odpowiednich warunk\u00f3w do pracy<\/li>\n<li>w przedszkolu,<\/li>\n<li>utrzymanie czysto\u015bci w budynku przedszkola i otoczeniu.<\/li>\n<\/ul>\n<p>Pobierz raport<\/p>\n<p><a href=\"https:\/\/kta.edu.pl\/bip\/wp-content\/uploads\/2022\/11\/Test.pdf\">Test<\/a><\/p>\n<p>&nbsp;<\/p>\n","protected":false},"excerpt":{"rendered":"<p>Przedmiot\u00a0dzia\u0142ania i kompetencje Do zakresu dzia\u0142ania i kompetencji dyrektora nale\u017cy w szczeg\u00f3lno\u015bci: reprezentowanie przedszkola na zewn\u0105trz, kierowanie bie\u017c\u0105cymi sprawami przedszkola, wydawanie zarz\u0105dze\u0144 w zakresie swoich kompetencji, wydawanie indywidualnych polece\u0144 dla pracownik\u00f3w przedszkola w zakresie ich zada\u0144, wydawanie decyzji w obr\u0119bie swoich kompetencji, jako organ administracji publicznej, wykonywanie uprawnie\u0144 zwierzchnika s\u0142u\u017cbowego [&hellip;]<\/p>\n","protected":false},"author":1,"featured_media":0,"parent":0,"menu_order":0,"comment_status":"closed","ping_status":"closed","template":"","meta":{"footnotes":""},"class_list":["post-2074","page","type-page","status-publish","hentry"],"_links":{"self":[{"href":"https:\/\/kta.edu.pl\/bip\/index.php?rest_route=\/wp\/v2\/pages\/2074","targetHints":{"allow":["GET"]}}],"collection":[{"href":"https:\/\/kta.edu.pl\/bip\/index.php?rest_route=\/wp\/v2\/pages"}],"about":[{"href":"https:\/\/kta.edu.pl\/bip\/index.php?rest_route=\/wp\/v2\/types\/page"}],"author":[{"embeddable":true,"href":"https:\/\/kta.edu.pl\/bip\/index.php?rest_route=\/wp\/v2\/users\/1"}],"replies":[{"embeddable":true,"href":"https:\/\/kta.edu.pl\/bip\/index.php?rest_route=%2Fwp%2Fv2%2Fcomments&post=2074"}],"version-history":[{"count":3,"href":"https:\/\/kta.edu.pl\/bip\/index.php?rest_route=\/wp\/v2\/pages\/2074\/revisions"}],"predecessor-version":[{"id":2109,"href":"https:\/\/kta.edu.pl\/bip\/index.php?rest_route=\/wp\/v2\/pages\/2074\/revisions\/2109"}],"wp:attachment":[{"href":"https:\/\/kta.edu.pl\/bip\/index.php?rest_route=%2Fwp%2Fv2%2Fmedia&parent=2074"}],"curies":[{"name":"wp","href":"https:\/\/api.w.org\/{rel}","templated":true}]}}