{"id":2016,"date":"2021-11-14T11:46:01","date_gmt":"2021-11-14T10:46:01","guid":{"rendered":"https:\/\/server462349.nazwa.pl\/wordpress\/wpn_p309bip\/?page_id=2016"},"modified":"2025-12-09T21:00:14","modified_gmt":"2025-12-09T20:00:14","slug":"ochrona-danych-osobowych","status":"publish","type":"page","link":"https:\/\/kta.edu.pl\/bip-przedszkole\/?page_id=2016","title":{"rendered":"Ochrona danych osobowych"},"content":{"rendered":"<p><strong>Informacja o ochronie i przetwarzaniu danych osobowych<\/strong><\/p>\n<p><strong>\u00a0<\/strong><\/p>\n<p>Na podstawie przepis\u00f3w Rozporz\u0105dzenia Parlamentu Europejskiego i Rady (UE)<br \/>\nw sprawie ochrony os\u00f3b fizycznych w zwi\u0105zku z przetwarzaniem danych osobowych i w sprawie swobodnego przep\u0142ywu takich danych (dalej RODO) informujemy w jaki spos\u00f3b chronimy i przetwarzamy Pa\u0144stwa dane osobowe w NIEPUBLICZNEJ SZKOLE PODSTAWOWEJ DLA DZIECI<br \/>\nZ ZABURZENIAMI ROZWOJOWYMI KRAJOWEGO TOWARZYSTWA AUTYZMU ODDZIA\u0141 W BYDGOSZCZY.<\/p>\n<p>W zwi\u0105zku z powy\u017cszym informujemy, \u017ce:<\/p>\n<ol>\n<li>Administratorem Pani\/Pana danych osobowych jest NIEPUBLICZNA SZKO\u0141A PODSTAWOWA DLA DZIECI Z ZABURZENIAMI ROZWOJOWYMI KRAJOWEGO TOWARZYSTWA AUTYZMU ODDZIA\u0141<br \/>\nW BYDGOSZCZY (dalej nazywana tak\u017ce \u201eSzko\u0142a\u201d) z siedzib\u0105 w Bydgoszczy, ul. J. J. \u015aniadeckich 23, 85-011 Bydgoszcz.<\/li>\n<li>W sprawach dotycz\u0105cych ochrony danych mo\u017cna kontaktowa\u0107 si\u0119 z Inspektorem ochrony danych osobowych wyznaczonym u Administratora za pomoc\u0105 adresu poczty elektronicznej: <a href=\"mailto:sekretariat@kta.edu.pl\">sekretariat@kta.edu.pl<\/a> lub korespondencyjnie \u2013 adres j. w. w pkt 1 z dopiskiem: Inspektor ochrony danych osobowych.<\/li>\n<li>Dane Pani\/Pana lub osoby, kt\u00f3rej jest Pani\/Pan opiekunem b\u0119d\u0105 przez nas przetwarzane w poni\u017cszych celach:<\/li>\n<li>wykonywanie obowi\u0105zk\u00f3w prawnych ci\u0105\u017c\u0105cych na Administratorze tj. realizacji zada\u0144 dydaktycznych, wychowawczych i opieku\u0144czych na podstawie ustawy z dnia 7 wrze\u015bnia 1991 r. o systemie o\u015bwiaty, ustawy z dnia 14 grudnia 2016r. Prawo o\u015bwiatowe oraz innych ustaw i akt\u00f3w wykonawczych zgodnie z art. 6 ust. 1 lit. c RODO, art. 9 ust. 2 lit. g RODO oraz art. 6 ust. 1 lit. e RODO &#8211; w przypadku zadania realizowanego w interesie publicznym.<\/li>\n<li>promocja osi\u0105gni\u0119\u0107 i pozytywnego wizerunku Administratora na podstawie udzielonej przez Pani\u0105\/Pana zgody w my\u015bl art. 6 ust. 1 lit. a RODO &#8211; publikacja zdj\u0119\u0107 na stronie internetowej Szko\u0142y.<\/li>\n<li>prowadzenie ewidencji os\u00f3b upowa\u017cnionych przez rodzica\/prawnego opiekuna do odbioru dziecka z Szko\u0142y, na podstawie danych, kt\u00f3re otrzymali\u015bmy od rodzic\u00f3w\/opiekun\u00f3w prawnych dziecka (imi\u0119, nazwisko i nr dokumentu to\u017csamo\u015bci), zgodnie z art. 6 ust. 1 lit. e, w zwi\u0105zku z ustaw\u0105 Prawo o\u015bwiatowe (Art. 102 ust. 1 pkt 6).<\/li>\n<li>zapewnienie bezpiecze\u0144stwa uczni\u00f3w i pracownik\u00f3w oraz w celu ochrony mienia zgodnie z art. 6 ust. 1 lit. e RODO (art.108 a Prawa o\u015bwiatowego) &#8211; monitoring wizyjny.<\/li>\n<li>wykonanie zawartej z nami umowy lub podj\u0119cie dzia\u0142a\u0144 przed zawarciem umowy na podstawie art. 6 ust. 1 lit. b RODO oraz w celu wype\u0142nienia obowi\u0105zku prawnego na podstawie art.6 ust. 1 lit. c w zwi\u0105zku z ustaw\u0105 z dnia 29 wrze\u015bnia 1994 r. o rachunkowo\u015bci, Kodeksem cywilnym oraz ustaw\u0105 z dnia 29 stycznia 2004 r. Prawo zam\u00f3wie\u0144 publicznych, a tak\u017ce w przypadku konieczno\u015bci kontaktu z pracownikami lub wsp\u00f3\u0142pracownikami klient\u00f3w i kontrahent\u00f3w w zwi\u0105zku z dzia\u0142aniami podj\u0119tymi w celu zawarcia umowy lub jej realizacji, co stanowi prawnie uzasadniony interes Administratora, na podstawie art. 6 ust. 1 lit. f RODO.<\/li>\n<li>udzielenie odpowiedzi na Pani\/Pana wniosek o dost\u0119p do informacji publicznej na podstawie art. 6 ust. 1 lit. c RODO w zwi\u0105zku z Ustaw\u0105 z 6 wrze\u015bnia 2001 r. o dost\u0119pie do informacji publicznej.<\/li>\n<li>przeprowadzenie post\u0119powania rekrutacyjnego na podstawie art. 6 ust. 1 lit. b RODO oraz art. 6 ust. 1 lit. c RODO w zwi\u0105zku z art. 221Kodeksu Pracy oraz art. 10 Karty Nauczyciela, natomiast inne dane na podstawie wyra\u017conej zgody (art. 6 ust. 1 lit. a RODO), kt\u00f3ra mo\u017ce zosta\u0107 odwo\u0142ana w dowolnym momencie; Administrator b\u0119dzie przetwarza\u0142 Pani\/Pana dane osobowe, tak\u017ce w kolejnych naborach pracownik\u00f3w, je\u017celi wyrazi Pani\/Pan na to zgod\u0119 (art. 6 ust. 1 lit. a RODO), kt\u00f3ra mo\u017ce zosta\u0107 odwo\u0142ana w dowolnym czasie. Je\u017celi w dokumentach zawarte s\u0105 dane, o kt\u00f3rych mowa w art. 9 ust. 1 RODO, konieczna b\u0119dzie Pa\u0144stwa zgoda na ich przetwarzanie (art. 9 ust. 2 lit. a RODO), kt\u00f3ra mo\u017ce zosta\u0107 odwo\u0142ana w dowolnym czasie.<\/li>\n<li>Dane osobowe Pani\/Pana b\u0119d\u0105 przetwarzane przez okres w jakim b\u0119d\u0105 one niezb\u0119dne do realizacji cel\u00f3w:<\/li>\n<li>w przypadku realizacji zada\u0144 dydaktycznych, wychowawczych i opieku\u0144czych dane Pani\/Pana lub osoby, kt\u00f3rej jest Pani\/Pan opiekunem b\u0119d\u0105 przechowywane przez okres w jakim b\u0119d\u0105 one niezb\u0119dne do wykonania obowi\u0105zk\u00f3w prawnych ci\u0105\u017c\u0105cych na Administratorze w tym przez okres trwania nauki, a nast\u0119pnie archiwizowane zgodnie z obowi\u0105zuj\u0105cymi przepisami prawa.<\/li>\n<li>w przypadku promocji osi\u0105gni\u0119\u0107 i pozytywnego wizerunku Administratora, a wi\u0119c publikacji zdj\u0119\u0107 na szkolnej stronie, b\u0119d\u0105 przechowywane do czasu wycofania przez Pani\u0105\/Pana zgody na przetwarzanie w tym celu.<\/li>\n<li>w przypadku prowadzenia ewidencji os\u00f3b upowa\u017cnionych do odbioru dziecka, dane b\u0119dziemy przetwarza\u0107 do czasu zako\u0144czenia nauki przez dziecko.<\/li>\n<li>w przypadku przetwarzania wizerunku w ramach monitoringu wizyjnego na terenie plac\u00f3wki Pani\/Pana dane osobowe b\u0119d\u0105 przechowywane przez okres nie d\u0142u\u017cszy ni\u017c 1 miesi\u0105c, chyba \u017ce zapis monitoringu obejmie zdarzenie, w zwi\u0105zku z kt\u00f3rym mo\u017ce zosta\u0107 wszcz\u0119te post\u0119powanie \u2013 w\u00f3wczas dane b\u0119d\u0105 przechowywane do czasu prawomocnego zako\u0144czenia post\u0119powania.<\/li>\n<li>w przypadku zawarcia z nami umowy przepisy prawa wymagaj\u0105 od nas przetwarzania Pani\/Pana danych osobowych do cel\u00f3w podatkowych i rachunkowych przez okres 5 lat od pocz\u0105tku roku nast\u0119puj\u0105cego po roku obrotowym, w kt\u00f3rym zawarto umow\u0119.<\/li>\n<li>w przypadku odpowiedzi na wniosek o dost\u0119p do informacji publicznej dane b\u0119d\u0105 przetwarzane przez okres wynikaj\u0105cy z przepis\u00f3w obowi\u0105zuj\u0105cego prawa.<\/li>\n<li>w przypadku przetwarzania danych osobowych na potrzeby post\u0119powania rekrutacyjnego Pani\/Pana dane osobowe b\u0119d\u0105 przetwarzane do czasu zako\u0144czenia rekrutacji; w przypadku wyra\u017cenia zgody na udzia\u0142 w kolejnych rekrutacjach oraz danych niewymaganych przez przepisy prawa dane mog\u0105 by\u0107 przetwarzane podczas przysz\u0142ych rekrutacji, chyba \u017ce wycofa Pani\/Pan wyra\u017con\u0105 zgod\u0119 na ten cel.<\/li>\n<li>Przys\u0142uguj\u0105 Pani\/Panu prawo \u017c\u0105dania dost\u0119pu do danych osobowych, ich sprostowania, usuni\u0119cia lub ograniczenia przetwarzania, prawo do wniesienia sprzeciwu wobec przetwarzania, a tak\u017ce prawo przenoszenia danych.<\/li>\n<li>Informujemy, \u017ce przys\u0142uguje Pani\/Panu prawo wniesienia skargi na przetwarzanie danych do organu nadzorczego \u2013 Prezesa Urz\u0119du Ochrony Danych Osobowych.<\/li>\n<li>Dane osobowe Pani\/Pana b\u0119d\u0105 przekazywane uprawnionym instytucjom okre\u015blonym przez przepisy prawa oraz podmiotom przetwarzaj\u0105cym, kt\u00f3re \u015bwiadcz\u0105 us\u0142ugi na rzecz Administratora danych<br \/>\ni kt\u00f3rym te dane s\u0105 powierzane.<\/li>\n<li>Informujemy, \u017ce Pani\/Pana dane osobowe nie b\u0119d\u0105 przekazywane do pa\u0144stwa trzeciego\/organizacji mi\u0119dzynarodowej.<\/li>\n<li>Informujemy, \u017ce Pani\/Pana dane nie b\u0119d\u0105 przetwarzane w spos\u00f3b zautomatyzowany, w tym r\u00f3wnie\u017c nie b\u0119d\u0105 wykorzystywane do profilowania.<\/li>\n<\/ol>\n","protected":false},"excerpt":{"rendered":"<p>Informacja o ochronie i przetwarzaniu danych osobowych \u00a0 Na podstawie przepis\u00f3w Rozporz\u0105dzenia Parlamentu Europejskiego i Rady (UE) w sprawie ochrony os\u00f3b fizycznych w zwi\u0105zku z przetwarzaniem danych osobowych i w sprawie swobodnego przep\u0142ywu takich danych (dalej RODO) informujemy w jaki spos\u00f3b chronimy i przetwarzamy Pa\u0144stwa dane osobowe w NIEPUBLICZNEJ SZKOLE [&hellip;]<\/p>\n","protected":false},"author":1,"featured_media":0,"parent":0,"menu_order":0,"comment_status":"closed","ping_status":"closed","template":"","meta":{"footnotes":""},"class_list":["post-2016","page","type-page","status-publish","hentry"],"yoast_head":"<!-- This site is optimized with the Yoast SEO plugin v27.3 - https:\/\/yoast.com\/product\/yoast-seo-wordpress\/ -->\n<title>Ochrona danych osobowych - Pierwsze Niepubliczne Przedszkole Terapeutyczne dla Dzieci z Autyzmem Krajowego Towarzystwa Autyzmu Oddzia\u0142 w Bydgoszczy<\/title>\n<meta name=\"robots\" content=\"index, follow, max-snippet:-1, max-image-preview:large, max-video-preview:-1\" \/>\n<link rel=\"canonical\" href=\"https:\/\/kta.edu.pl\/bip-przedszkole\/?page_id=2016\" \/>\n<meta property=\"og:locale\" content=\"pl_PL\" \/>\n<meta property=\"og:type\" content=\"article\" \/>\n<meta property=\"og:title\" content=\"Ochrona danych osobowych - Pierwsze Niepubliczne Przedszkole Terapeutyczne dla Dzieci z Autyzmem Krajowego Towarzystwa Autyzmu Oddzia\u0142 w Bydgoszczy\" \/>\n<meta property=\"og:description\" content=\"Informacja o ochronie i przetwarzaniu danych osobowych \u00a0 Na podstawie przepis\u00f3w Rozporz\u0105dzenia Parlamentu Europejskiego i Rady (UE) w sprawie ochrony os\u00f3b fizycznych w zwi\u0105zku z przetwarzaniem danych osobowych i w sprawie swobodnego przep\u0142ywu takich danych (dalej RODO) informujemy w jaki spos\u00f3b chronimy i przetwarzamy Pa\u0144stwa dane osobowe w NIEPUBLICZNEJ SZKOLE [&hellip;]\" \/>\n<meta property=\"og:url\" content=\"https:\/\/kta.edu.pl\/bip-przedszkole\/?page_id=2016\" \/>\n<meta property=\"og:site_name\" content=\"Pierwsze Niepubliczne Przedszkole Terapeutyczne dla Dzieci z Autyzmem Krajowego Towarzystwa Autyzmu Oddzia\u0142 w Bydgoszczy\" \/>\n<meta property=\"article:modified_time\" content=\"2025-12-09T20:00:14+00:00\" \/>\n<meta name=\"twitter:card\" content=\"summary_large_image\" \/>\n<meta name=\"twitter:label1\" content=\"Szacowany czas czytania\" \/>\n\t<meta name=\"twitter:data1\" content=\"6 minut\" \/>\n<script type=\"application\/ld+json\" class=\"yoast-schema-graph\">{\"@context\":\"https:\\\/\\\/schema.org\",\"@graph\":[{\"@type\":\"WebPage\",\"@id\":\"https:\\\/\\\/kta.edu.pl\\\/bip-przedszkole\\\/?page_id=2016\",\"url\":\"https:\\\/\\\/kta.edu.pl\\\/bip-przedszkole\\\/?page_id=2016\",\"name\":\"Ochrona danych osobowych - Pierwsze Niepubliczne Przedszkole Terapeutyczne dla Dzieci z Autyzmem Krajowego Towarzystwa Autyzmu Oddzia\u0142 w Bydgoszczy\",\"isPartOf\":{\"@id\":\"https:\\\/\\\/kta.edu.pl\\\/bip-przedszkole\\\/#website\"},\"datePublished\":\"2021-11-14T10:46:01+00:00\",\"dateModified\":\"2025-12-09T20:00:14+00:00\",\"breadcrumb\":{\"@id\":\"https:\\\/\\\/kta.edu.pl\\\/bip-przedszkole\\\/?page_id=2016#breadcrumb\"},\"inLanguage\":\"pl-PL\",\"potentialAction\":[{\"@type\":\"ReadAction\",\"target\":[\"https:\\\/\\\/kta.edu.pl\\\/bip-przedszkole\\\/?page_id=2016\"]}]},{\"@type\":\"BreadcrumbList\",\"@id\":\"https:\\\/\\\/kta.edu.pl\\\/bip-przedszkole\\\/?page_id=2016#breadcrumb\",\"itemListElement\":[{\"@type\":\"ListItem\",\"position\":1,\"name\":\"Home\",\"item\":\"https:\\\/\\\/kta.edu.pl\\\/bip-przedszkole\\\/\"},{\"@type\":\"ListItem\",\"position\":2,\"name\":\"Ochrona danych osobowych\"}]},{\"@type\":\"WebSite\",\"@id\":\"https:\\\/\\\/kta.edu.pl\\\/bip-przedszkole\\\/#website\",\"url\":\"https:\\\/\\\/kta.edu.pl\\\/bip-przedszkole\\\/\",\"name\":\"Pierwsze Niepubliczne Przedszkole Terapeutyczne dla Dzieci z Autyzmem Krajowego Towarzystwa Autyzmu Oddzia\u0142 w Bydgoszczy\",\"description\":\"Witamy\",\"potentialAction\":[{\"@type\":\"SearchAction\",\"target\":{\"@type\":\"EntryPoint\",\"urlTemplate\":\"https:\\\/\\\/kta.edu.pl\\\/bip-przedszkole\\\/?s={search_term_string}\"},\"query-input\":{\"@type\":\"PropertyValueSpecification\",\"valueRequired\":true,\"valueName\":\"search_term_string\"}}],\"inLanguage\":\"pl-PL\"}]}<\/script>\n<!-- \/ Yoast SEO plugin. -->","yoast_head_json":{"title":"Ochrona danych osobowych - Pierwsze Niepubliczne Przedszkole Terapeutyczne dla Dzieci z Autyzmem Krajowego Towarzystwa Autyzmu Oddzia\u0142 w Bydgoszczy","robots":{"index":"index","follow":"follow","max-snippet":"max-snippet:-1","max-image-preview":"max-image-preview:large","max-video-preview":"max-video-preview:-1"},"canonical":"https:\/\/kta.edu.pl\/bip-przedszkole\/?page_id=2016","og_locale":"pl_PL","og_type":"article","og_title":"Ochrona danych osobowych - Pierwsze Niepubliczne Przedszkole Terapeutyczne dla Dzieci z Autyzmem Krajowego Towarzystwa Autyzmu Oddzia\u0142 w Bydgoszczy","og_description":"Informacja o ochronie i przetwarzaniu danych osobowych \u00a0 Na podstawie przepis\u00f3w Rozporz\u0105dzenia Parlamentu Europejskiego i Rady (UE) w sprawie ochrony os\u00f3b fizycznych w zwi\u0105zku z przetwarzaniem danych osobowych i w sprawie swobodnego przep\u0142ywu takich danych (dalej RODO) informujemy w jaki spos\u00f3b chronimy i przetwarzamy Pa\u0144stwa dane osobowe w NIEPUBLICZNEJ SZKOLE [&hellip;]","og_url":"https:\/\/kta.edu.pl\/bip-przedszkole\/?page_id=2016","og_site_name":"Pierwsze Niepubliczne Przedszkole Terapeutyczne dla Dzieci z Autyzmem Krajowego Towarzystwa Autyzmu Oddzia\u0142 w Bydgoszczy","article_modified_time":"2025-12-09T20:00:14+00:00","twitter_card":"summary_large_image","twitter_misc":{"Szacowany czas czytania":"6 minut"},"schema":{"@context":"https:\/\/schema.org","@graph":[{"@type":"WebPage","@id":"https:\/\/kta.edu.pl\/bip-przedszkole\/?page_id=2016","url":"https:\/\/kta.edu.pl\/bip-przedszkole\/?page_id=2016","name":"Ochrona danych osobowych - Pierwsze Niepubliczne Przedszkole Terapeutyczne dla Dzieci z Autyzmem Krajowego Towarzystwa Autyzmu Oddzia\u0142 w Bydgoszczy","isPartOf":{"@id":"https:\/\/kta.edu.pl\/bip-przedszkole\/#website"},"datePublished":"2021-11-14T10:46:01+00:00","dateModified":"2025-12-09T20:00:14+00:00","breadcrumb":{"@id":"https:\/\/kta.edu.pl\/bip-przedszkole\/?page_id=2016#breadcrumb"},"inLanguage":"pl-PL","potentialAction":[{"@type":"ReadAction","target":["https:\/\/kta.edu.pl\/bip-przedszkole\/?page_id=2016"]}]},{"@type":"BreadcrumbList","@id":"https:\/\/kta.edu.pl\/bip-przedszkole\/?page_id=2016#breadcrumb","itemListElement":[{"@type":"ListItem","position":1,"name":"Home","item":"https:\/\/kta.edu.pl\/bip-przedszkole\/"},{"@type":"ListItem","position":2,"name":"Ochrona danych osobowych"}]},{"@type":"WebSite","@id":"https:\/\/kta.edu.pl\/bip-przedszkole\/#website","url":"https:\/\/kta.edu.pl\/bip-przedszkole\/","name":"Pierwsze Niepubliczne Przedszkole Terapeutyczne dla Dzieci z Autyzmem Krajowego Towarzystwa Autyzmu Oddzia\u0142 w Bydgoszczy","description":"Witamy","potentialAction":[{"@type":"SearchAction","target":{"@type":"EntryPoint","urlTemplate":"https:\/\/kta.edu.pl\/bip-przedszkole\/?s={search_term_string}"},"query-input":{"@type":"PropertyValueSpecification","valueRequired":true,"valueName":"search_term_string"}}],"inLanguage":"pl-PL"}]}},"_links":{"self":[{"href":"https:\/\/kta.edu.pl\/bip-przedszkole\/index.php?rest_route=\/wp\/v2\/pages\/2016","targetHints":{"allow":["GET"]}}],"collection":[{"href":"https:\/\/kta.edu.pl\/bip-przedszkole\/index.php?rest_route=\/wp\/v2\/pages"}],"about":[{"href":"https:\/\/kta.edu.pl\/bip-przedszkole\/index.php?rest_route=\/wp\/v2\/types\/page"}],"author":[{"embeddable":true,"href":"https:\/\/kta.edu.pl\/bip-przedszkole\/index.php?rest_route=\/wp\/v2\/users\/1"}],"replies":[{"embeddable":true,"href":"https:\/\/kta.edu.pl\/bip-przedszkole\/index.php?rest_route=%2Fwp%2Fv2%2Fcomments&post=2016"}],"version-history":[{"count":4,"href":"https:\/\/kta.edu.pl\/bip-przedszkole\/index.php?rest_route=\/wp\/v2\/pages\/2016\/revisions"}],"predecessor-version":[{"id":2159,"href":"https:\/\/kta.edu.pl\/bip-przedszkole\/index.php?rest_route=\/wp\/v2\/pages\/2016\/revisions\/2159"}],"wp:attachment":[{"href":"https:\/\/kta.edu.pl\/bip-przedszkole\/index.php?rest_route=%2Fwp%2Fv2%2Fmedia&parent=2016"}],"curies":[{"name":"wp","href":"https:\/\/api.w.org\/{rel}","templated":true}]}}