{"id":2012,"date":"2021-11-14T11:45:21","date_gmt":"2021-11-14T10:45:21","guid":{"rendered":"https:\/\/server462349.nazwa.pl\/wordpress\/wpn_p309bip\/?page_id=2012"},"modified":"2025-12-09T21:21:59","modified_gmt":"2025-12-09T20:21:59","slug":"sprawozdania","status":"publish","type":"page","link":"https:\/\/kta.edu.pl\/bip-przedszkole\/?page_id=2012","title":{"rendered":"Standardy ochrony ma\u0142oletnich"},"content":{"rendered":"<p><a href=\"https:\/\/kta.edu.pl\/bip-przedszkole\/wp-content\/uploads\/2025\/12\/Standardy-ochrony-maloletnich-PRZEDSZKOLE-BIP.pdf\">Standardy ochrony ma\u0142oletnich<\/a><\/p>\n<p><a href=\"https:\/\/kta.edu.pl\/bip-przedszkole\/wp-content\/uploads\/2025\/12\/Standardy-Ochrony-Maloletnich-wersja-skrocona-2.pdf\">Standardy Ochrony Ma\u0142oletnich &#8211; wersja skr\u00f3cona<\/a><\/p>\n","protected":false},"excerpt":{"rendered":"<p>Standardy ochrony ma\u0142oletnich Standardy Ochrony Ma\u0142oletnich &#8211; wersja skr\u00f3cona<\/p>\n","protected":false},"author":1,"featured_media":0,"parent":0,"menu_order":0,"comment_status":"closed","ping_status":"closed","template":"","meta":{"footnotes":""},"class_list":["post-2012","page","type-page","status-publish","hentry"],"yoast_head":"<!-- This site is optimized with the Yoast SEO plugin v27.3 - https:\/\/yoast.com\/product\/yoast-seo-wordpress\/ -->\n<title>Standardy ochrony ma\u0142oletnich - Pierwsze Niepubliczne Przedszkole Terapeutyczne dla Dzieci z Autyzmem Krajowego Towarzystwa Autyzmu Oddzia\u0142 w Bydgoszczy<\/title>\n<meta name=\"robots\" content=\"index, follow, max-snippet:-1, max-image-preview:large, max-video-preview:-1\" \/>\n<link rel=\"canonical\" href=\"https:\/\/kta.edu.pl\/bip-przedszkole\/?page_id=2012\" \/>\n<meta property=\"og:locale\" content=\"pl_PL\" \/>\n<meta property=\"og:type\" content=\"article\" \/>\n<meta property=\"og:title\" content=\"Standardy ochrony ma\u0142oletnich - Pierwsze Niepubliczne Przedszkole Terapeutyczne dla Dzieci z Autyzmem Krajowego Towarzystwa Autyzmu Oddzia\u0142 w Bydgoszczy\" \/>\n<meta property=\"og:description\" content=\"Standardy ochrony ma\u0142oletnich Standardy Ochrony Ma\u0142oletnich &#8211; wersja skr\u00f3cona\" \/>\n<meta property=\"og:url\" content=\"https:\/\/kta.edu.pl\/bip-przedszkole\/?page_id=2012\" \/>\n<meta property=\"og:site_name\" content=\"Pierwsze Niepubliczne Przedszkole Terapeutyczne dla Dzieci z Autyzmem Krajowego Towarzystwa Autyzmu Oddzia\u0142 w Bydgoszczy\" \/>\n<meta property=\"article:modified_time\" content=\"2025-12-09T20:21:59+00:00\" \/>\n<meta name=\"twitter:card\" content=\"summary_large_image\" \/>\n<meta name=\"twitter:label1\" content=\"Szacowany czas czytania\" \/>\n\t<meta name=\"twitter:data1\" content=\"1 minuta\" \/>\n<script type=\"application\/ld+json\" class=\"yoast-schema-graph\">{\"@context\":\"https:\\\/\\\/schema.org\",\"@graph\":[{\"@type\":\"WebPage\",\"@id\":\"https:\\\/\\\/kta.edu.pl\\\/bip-przedszkole\\\/?page_id=2012\",\"url\":\"https:\\\/\\\/kta.edu.pl\\\/bip-przedszkole\\\/?page_id=2012\",\"name\":\"Standardy ochrony ma\u0142oletnich - Pierwsze Niepubliczne Przedszkole Terapeutyczne dla Dzieci z Autyzmem Krajowego Towarzystwa Autyzmu Oddzia\u0142 w Bydgoszczy\",\"isPartOf\":{\"@id\":\"https:\\\/\\\/kta.edu.pl\\\/bip-przedszkole\\\/#website\"},\"datePublished\":\"2021-11-14T10:45:21+00:00\",\"dateModified\":\"2025-12-09T20:21:59+00:00\",\"breadcrumb\":{\"@id\":\"https:\\\/\\\/kta.edu.pl\\\/bip-przedszkole\\\/?page_id=2012#breadcrumb\"},\"inLanguage\":\"pl-PL\",\"potentialAction\":[{\"@type\":\"ReadAction\",\"target\":[\"https:\\\/\\\/kta.edu.pl\\\/bip-przedszkole\\\/?page_id=2012\"]}]},{\"@type\":\"BreadcrumbList\",\"@id\":\"https:\\\/\\\/kta.edu.pl\\\/bip-przedszkole\\\/?page_id=2012#breadcrumb\",\"itemListElement\":[{\"@type\":\"ListItem\",\"position\":1,\"name\":\"Home\",\"item\":\"https:\\\/\\\/kta.edu.pl\\\/bip-przedszkole\\\/\"},{\"@type\":\"ListItem\",\"position\":2,\"name\":\"Standardy ochrony ma\u0142oletnich\"}]},{\"@type\":\"WebSite\",\"@id\":\"https:\\\/\\\/kta.edu.pl\\\/bip-przedszkole\\\/#website\",\"url\":\"https:\\\/\\\/kta.edu.pl\\\/bip-przedszkole\\\/\",\"name\":\"Pierwsze Niepubliczne Przedszkole Terapeutyczne dla Dzieci z Autyzmem Krajowego Towarzystwa Autyzmu Oddzia\u0142 w Bydgoszczy\",\"description\":\"Witamy\",\"potentialAction\":[{\"@type\":\"SearchAction\",\"target\":{\"@type\":\"EntryPoint\",\"urlTemplate\":\"https:\\\/\\\/kta.edu.pl\\\/bip-przedszkole\\\/?s={search_term_string}\"},\"query-input\":{\"@type\":\"PropertyValueSpecification\",\"valueRequired\":true,\"valueName\":\"search_term_string\"}}],\"inLanguage\":\"pl-PL\"}]}<\/script>\n<!-- \/ Yoast SEO plugin. -->","yoast_head_json":{"title":"Standardy ochrony ma\u0142oletnich - Pierwsze Niepubliczne Przedszkole Terapeutyczne dla Dzieci z Autyzmem Krajowego Towarzystwa Autyzmu Oddzia\u0142 w Bydgoszczy","robots":{"index":"index","follow":"follow","max-snippet":"max-snippet:-1","max-image-preview":"max-image-preview:large","max-video-preview":"max-video-preview:-1"},"canonical":"https:\/\/kta.edu.pl\/bip-przedszkole\/?page_id=2012","og_locale":"pl_PL","og_type":"article","og_title":"Standardy ochrony ma\u0142oletnich - Pierwsze Niepubliczne Przedszkole Terapeutyczne dla Dzieci z Autyzmem Krajowego Towarzystwa Autyzmu Oddzia\u0142 w Bydgoszczy","og_description":"Standardy ochrony ma\u0142oletnich Standardy Ochrony Ma\u0142oletnich &#8211; wersja skr\u00f3cona","og_url":"https:\/\/kta.edu.pl\/bip-przedszkole\/?page_id=2012","og_site_name":"Pierwsze Niepubliczne Przedszkole Terapeutyczne dla Dzieci z Autyzmem Krajowego Towarzystwa Autyzmu Oddzia\u0142 w Bydgoszczy","article_modified_time":"2025-12-09T20:21:59+00:00","twitter_card":"summary_large_image","twitter_misc":{"Szacowany czas czytania":"1 minuta"},"schema":{"@context":"https:\/\/schema.org","@graph":[{"@type":"WebPage","@id":"https:\/\/kta.edu.pl\/bip-przedszkole\/?page_id=2012","url":"https:\/\/kta.edu.pl\/bip-przedszkole\/?page_id=2012","name":"Standardy ochrony ma\u0142oletnich - Pierwsze Niepubliczne Przedszkole Terapeutyczne dla Dzieci z Autyzmem Krajowego Towarzystwa Autyzmu Oddzia\u0142 w Bydgoszczy","isPartOf":{"@id":"https:\/\/kta.edu.pl\/bip-przedszkole\/#website"},"datePublished":"2021-11-14T10:45:21+00:00","dateModified":"2025-12-09T20:21:59+00:00","breadcrumb":{"@id":"https:\/\/kta.edu.pl\/bip-przedszkole\/?page_id=2012#breadcrumb"},"inLanguage":"pl-PL","potentialAction":[{"@type":"ReadAction","target":["https:\/\/kta.edu.pl\/bip-przedszkole\/?page_id=2012"]}]},{"@type":"BreadcrumbList","@id":"https:\/\/kta.edu.pl\/bip-przedszkole\/?page_id=2012#breadcrumb","itemListElement":[{"@type":"ListItem","position":1,"name":"Home","item":"https:\/\/kta.edu.pl\/bip-przedszkole\/"},{"@type":"ListItem","position":2,"name":"Standardy ochrony ma\u0142oletnich"}]},{"@type":"WebSite","@id":"https:\/\/kta.edu.pl\/bip-przedszkole\/#website","url":"https:\/\/kta.edu.pl\/bip-przedszkole\/","name":"Pierwsze Niepubliczne Przedszkole Terapeutyczne dla Dzieci z Autyzmem Krajowego Towarzystwa Autyzmu Oddzia\u0142 w Bydgoszczy","description":"Witamy","potentialAction":[{"@type":"SearchAction","target":{"@type":"EntryPoint","urlTemplate":"https:\/\/kta.edu.pl\/bip-przedszkole\/?s={search_term_string}"},"query-input":{"@type":"PropertyValueSpecification","valueRequired":true,"valueName":"search_term_string"}}],"inLanguage":"pl-PL"}]}},"_links":{"self":[{"href":"https:\/\/kta.edu.pl\/bip-przedszkole\/index.php?rest_route=\/wp\/v2\/pages\/2012","targetHints":{"allow":["GET"]}}],"collection":[{"href":"https:\/\/kta.edu.pl\/bip-przedszkole\/index.php?rest_route=\/wp\/v2\/pages"}],"about":[{"href":"https:\/\/kta.edu.pl\/bip-przedszkole\/index.php?rest_route=\/wp\/v2\/types\/page"}],"author":[{"embeddable":true,"href":"https:\/\/kta.edu.pl\/bip-przedszkole\/index.php?rest_route=\/wp\/v2\/users\/1"}],"replies":[{"embeddable":true,"href":"https:\/\/kta.edu.pl\/bip-przedszkole\/index.php?rest_route=%2Fwp%2Fv2%2Fcomments&post=2012"}],"version-history":[{"count":5,"href":"https:\/\/kta.edu.pl\/bip-przedszkole\/index.php?rest_route=\/wp\/v2\/pages\/2012\/revisions"}],"predecessor-version":[{"id":2167,"href":"https:\/\/kta.edu.pl\/bip-przedszkole\/index.php?rest_route=\/wp\/v2\/pages\/2012\/revisions\/2167"}],"wp:attachment":[{"href":"https:\/\/kta.edu.pl\/bip-przedszkole\/index.php?rest_route=%2Fwp%2Fv2%2Fmedia&parent=2012"}],"curies":[{"name":"wp","href":"https:\/\/api.w.org\/{rel}","templated":true}]}}