{"id":158,"date":"2020-02-17T15:00:20","date_gmt":"2020-02-17T15:00:20","guid":{"rendered":"http:\/\/bizix.premiumthemes.in\/?page_id=158"},"modified":"2022-11-25T08:44:57","modified_gmt":"2022-11-25T07:44:57","slug":"home-1","status":"publish","type":"page","link":"https:\/\/kta.edu.pl\/bip-przedszkole\/","title":{"rendered":"BIP"},"content":{"rendered":"\t\t<div data-elementor-type=\"wp-page\" data-elementor-id=\"158\" class=\"elementor elementor-158\">\n\t\t\t\t\t\t<section class=\"elementor-section elementor-top-section elementor-element elementor-element-0080f97 elementor-section-full_width elementor-section-stretched elementor-section-height-default elementor-section-height-default\" data-id=\"0080f97\" data-element_type=\"section\" data-e-type=\"section\" data-settings=\"{&quot;stretch_section&quot;:&quot;section-stretched&quot;}\">\n\t\t\t\t\t\t<div class=\"elementor-container elementor-column-gap-default\">\n\t\t\t\t\t<div class=\"elementor-column elementor-col-100 elementor-top-column elementor-element elementor-element-016ace8\" data-id=\"016ace8\" data-element_type=\"column\" data-e-type=\"column\">\n\t\t\t<div class=\"elementor-widget-wrap elementor-element-populated\">\n\t\t\t\t\t\t<div class=\"elementor-element elementor-element-4191e3a elementor-widget-divider--view-line elementor-widget elementor-widget-divider\" data-id=\"4191e3a\" data-element_type=\"widget\" data-e-type=\"widget\" data-widget_type=\"divider.default\">\n\t\t\t\t<div class=\"elementor-widget-container\">\n\t\t\t\t\t\t\t<div class=\"elementor-divider\">\n\t\t\t<span class=\"elementor-divider-separator\">\n\t\t\t\t\t\t<\/span>\n\t\t<\/div>\n\t\t\t\t\t\t<\/div>\n\t\t\t\t<\/div>\n\t\t\t\t\t<\/div>\n\t\t<\/div>\n\t\t\t\t\t<\/div>\n\t\t<\/section>\n\t\t\t\t<section class=\"elementor-section elementor-top-section elementor-element elementor-element-15b3b75 elementor-section-boxed elementor-section-height-default elementor-section-height-default\" data-id=\"15b3b75\" data-element_type=\"section\" data-e-type=\"section\">\n\t\t\t\t\t\t<div class=\"elementor-container elementor-column-gap-default\">\n\t\t\t\t\t<div class=\"elementor-column elementor-col-100 elementor-top-column elementor-element elementor-element-1894484\" data-id=\"1894484\" data-element_type=\"column\" data-e-type=\"column\">\n\t\t\t<div class=\"elementor-widget-wrap elementor-element-populated\">\n\t\t\t\t\t\t<div class=\"elementor-element elementor-element-8703224 elementor-widget elementor-widget-text-editor\" data-id=\"8703224\" data-element_type=\"widget\" data-e-type=\"widget\" data-widget_type=\"text-editor.default\">\n\t\t\t\t<div class=\"elementor-widget-container\">\n\t\t\t\t\t\t\t\t\t<p style=\"text-align: left;\">Biuletyn Informacji Publicznej (BIP) zosta\u0142 stworzony w celu powszechnego udost\u0119pniania informacji publicznej w postaci elektronicznej.<\/p><p>\u00a0<\/p><p>\u00a0<\/p>\t\t\t\t\t\t\t\t<\/div>\n\t\t\t\t<\/div>\n\t\t\t\t\t<\/div>\n\t\t<\/div>\n\t\t\t\t\t<\/div>\n\t\t<\/section>\n\t\t\t\t<\/div>\n\t\t","protected":false},"excerpt":{"rendered":"<p>Biuletyn Informacji Publicznej (BIP) zosta\u0142 stworzony w celu powszechnego udost\u0119pniania informacji publicznej w postaci elektronicznej. \u00a0 \u00a0<\/p>\n","protected":false},"author":1,"featured_media":0,"parent":0,"menu_order":0,"comment_status":"closed","ping_status":"closed","template":"","meta":{"footnotes":""},"class_list":["post-158","page","type-page","status-publish","hentry"],"yoast_head":"<!-- This site is optimized with the Yoast SEO plugin v27.3 - https:\/\/yoast.com\/product\/yoast-seo-wordpress\/ -->\n<title>BIP - Pierwsze Niepubliczne Przedszkole Terapeutyczne dla Dzieci z Autyzmem Krajowego Towarzystwa Autyzmu Oddzia\u0142 w Bydgoszczy<\/title>\n<meta name=\"robots\" content=\"index, follow, max-snippet:-1, max-image-preview:large, max-video-preview:-1\" \/>\n<link rel=\"canonical\" href=\"https:\/\/kta.edu.pl\/bip-przedszkole\/\" \/>\n<meta property=\"og:locale\" content=\"pl_PL\" \/>\n<meta property=\"og:type\" content=\"article\" \/>\n<meta property=\"og:title\" content=\"BIP - Pierwsze Niepubliczne Przedszkole Terapeutyczne dla Dzieci z Autyzmem Krajowego Towarzystwa Autyzmu Oddzia\u0142 w Bydgoszczy\" \/>\n<meta property=\"og:description\" content=\"Biuletyn Informacji Publicznej (BIP) zosta\u0142 stworzony w celu powszechnego udost\u0119pniania informacji publicznej w postaci elektronicznej. \u00a0 \u00a0\" \/>\n<meta property=\"og:url\" content=\"https:\/\/kta.edu.pl\/bip-przedszkole\/\" \/>\n<meta property=\"og:site_name\" content=\"Pierwsze Niepubliczne Przedszkole Terapeutyczne dla Dzieci z Autyzmem Krajowego Towarzystwa Autyzmu Oddzia\u0142 w Bydgoszczy\" \/>\n<meta property=\"article:modified_time\" content=\"2022-11-25T07:44:57+00:00\" \/>\n<meta name=\"twitter:card\" content=\"summary_large_image\" \/>\n<meta name=\"twitter:label1\" content=\"Szacowany czas czytania\" \/>\n\t<meta name=\"twitter:data1\" content=\"1 minuta\" \/>\n<script type=\"application\/ld+json\" class=\"yoast-schema-graph\">{\"@context\":\"https:\\\/\\\/schema.org\",\"@graph\":[{\"@type\":\"WebPage\",\"@id\":\"https:\\\/\\\/kta.edu.pl\\\/bip-przedszkole\\\/\",\"url\":\"https:\\\/\\\/kta.edu.pl\\\/bip-przedszkole\\\/\",\"name\":\"BIP - Pierwsze Niepubliczne Przedszkole Terapeutyczne dla Dzieci z Autyzmem Krajowego Towarzystwa Autyzmu Oddzia\u0142 w Bydgoszczy\",\"isPartOf\":{\"@id\":\"https:\\\/\\\/kta.edu.pl\\\/bip-przedszkole\\\/#website\"},\"datePublished\":\"2020-02-17T15:00:20+00:00\",\"dateModified\":\"2022-11-25T07:44:57+00:00\",\"breadcrumb\":{\"@id\":\"https:\\\/\\\/kta.edu.pl\\\/bip-przedszkole\\\/#breadcrumb\"},\"inLanguage\":\"pl-PL\",\"potentialAction\":[{\"@type\":\"ReadAction\",\"target\":[\"https:\\\/\\\/kta.edu.pl\\\/bip-przedszkole\\\/\"]}]},{\"@type\":\"BreadcrumbList\",\"@id\":\"https:\\\/\\\/kta.edu.pl\\\/bip-przedszkole\\\/#breadcrumb\",\"itemListElement\":[{\"@type\":\"ListItem\",\"position\":1,\"name\":\"Home\",\"item\":\"https:\\\/\\\/kta.edu.pl\\\/bip-przedszkole\\\/\"},{\"@type\":\"ListItem\",\"position\":2,\"name\":\"BIP\"}]},{\"@type\":\"WebSite\",\"@id\":\"https:\\\/\\\/kta.edu.pl\\\/bip-przedszkole\\\/#website\",\"url\":\"https:\\\/\\\/kta.edu.pl\\\/bip-przedszkole\\\/\",\"name\":\"Pierwsze Niepubliczne Przedszkole Terapeutyczne dla Dzieci z Autyzmem Krajowego Towarzystwa Autyzmu Oddzia\u0142 w Bydgoszczy\",\"description\":\"Witamy\",\"potentialAction\":[{\"@type\":\"SearchAction\",\"target\":{\"@type\":\"EntryPoint\",\"urlTemplate\":\"https:\\\/\\\/kta.edu.pl\\\/bip-przedszkole\\\/?s={search_term_string}\"},\"query-input\":{\"@type\":\"PropertyValueSpecification\",\"valueRequired\":true,\"valueName\":\"search_term_string\"}}],\"inLanguage\":\"pl-PL\"}]}<\/script>\n<!-- \/ Yoast SEO plugin. -->","yoast_head_json":{"title":"BIP - Pierwsze Niepubliczne Przedszkole Terapeutyczne dla Dzieci z Autyzmem Krajowego Towarzystwa Autyzmu Oddzia\u0142 w Bydgoszczy","robots":{"index":"index","follow":"follow","max-snippet":"max-snippet:-1","max-image-preview":"max-image-preview:large","max-video-preview":"max-video-preview:-1"},"canonical":"https:\/\/kta.edu.pl\/bip-przedszkole\/","og_locale":"pl_PL","og_type":"article","og_title":"BIP - Pierwsze Niepubliczne Przedszkole Terapeutyczne dla Dzieci z Autyzmem Krajowego Towarzystwa Autyzmu Oddzia\u0142 w Bydgoszczy","og_description":"Biuletyn Informacji Publicznej (BIP) zosta\u0142 stworzony w celu powszechnego udost\u0119pniania informacji publicznej w postaci elektronicznej. \u00a0 \u00a0","og_url":"https:\/\/kta.edu.pl\/bip-przedszkole\/","og_site_name":"Pierwsze Niepubliczne Przedszkole Terapeutyczne dla Dzieci z Autyzmem Krajowego Towarzystwa Autyzmu Oddzia\u0142 w Bydgoszczy","article_modified_time":"2022-11-25T07:44:57+00:00","twitter_card":"summary_large_image","twitter_misc":{"Szacowany czas czytania":"1 minuta"},"schema":{"@context":"https:\/\/schema.org","@graph":[{"@type":"WebPage","@id":"https:\/\/kta.edu.pl\/bip-przedszkole\/","url":"https:\/\/kta.edu.pl\/bip-przedszkole\/","name":"BIP - Pierwsze Niepubliczne Przedszkole Terapeutyczne dla Dzieci z Autyzmem Krajowego Towarzystwa Autyzmu Oddzia\u0142 w Bydgoszczy","isPartOf":{"@id":"https:\/\/kta.edu.pl\/bip-przedszkole\/#website"},"datePublished":"2020-02-17T15:00:20+00:00","dateModified":"2022-11-25T07:44:57+00:00","breadcrumb":{"@id":"https:\/\/kta.edu.pl\/bip-przedszkole\/#breadcrumb"},"inLanguage":"pl-PL","potentialAction":[{"@type":"ReadAction","target":["https:\/\/kta.edu.pl\/bip-przedszkole\/"]}]},{"@type":"BreadcrumbList","@id":"https:\/\/kta.edu.pl\/bip-przedszkole\/#breadcrumb","itemListElement":[{"@type":"ListItem","position":1,"name":"Home","item":"https:\/\/kta.edu.pl\/bip-przedszkole\/"},{"@type":"ListItem","position":2,"name":"BIP"}]},{"@type":"WebSite","@id":"https:\/\/kta.edu.pl\/bip-przedszkole\/#website","url":"https:\/\/kta.edu.pl\/bip-przedszkole\/","name":"Pierwsze Niepubliczne Przedszkole Terapeutyczne dla Dzieci z Autyzmem Krajowego Towarzystwa Autyzmu Oddzia\u0142 w Bydgoszczy","description":"Witamy","potentialAction":[{"@type":"SearchAction","target":{"@type":"EntryPoint","urlTemplate":"https:\/\/kta.edu.pl\/bip-przedszkole\/?s={search_term_string}"},"query-input":{"@type":"PropertyValueSpecification","valueRequired":true,"valueName":"search_term_string"}}],"inLanguage":"pl-PL"}]}},"_links":{"self":[{"href":"https:\/\/kta.edu.pl\/bip-przedszkole\/index.php?rest_route=\/wp\/v2\/pages\/158","targetHints":{"allow":["GET"]}}],"collection":[{"href":"https:\/\/kta.edu.pl\/bip-przedszkole\/index.php?rest_route=\/wp\/v2\/pages"}],"about":[{"href":"https:\/\/kta.edu.pl\/bip-przedszkole\/index.php?rest_route=\/wp\/v2\/types\/page"}],"author":[{"embeddable":true,"href":"https:\/\/kta.edu.pl\/bip-przedszkole\/index.php?rest_route=\/wp\/v2\/users\/1"}],"replies":[{"embeddable":true,"href":"https:\/\/kta.edu.pl\/bip-przedszkole\/index.php?rest_route=%2Fwp%2Fv2%2Fcomments&post=158"}],"version-history":[{"count":53,"href":"https:\/\/kta.edu.pl\/bip-przedszkole\/index.php?rest_route=\/wp\/v2\/pages\/158\/revisions"}],"predecessor-version":[{"id":2128,"href":"https:\/\/kta.edu.pl\/bip-przedszkole\/index.php?rest_route=\/wp\/v2\/pages\/158\/revisions\/2128"}],"wp:attachment":[{"href":"https:\/\/kta.edu.pl\/bip-przedszkole\/index.php?rest_route=%2Fwp%2Fv2%2Fmedia&parent=158"}],"curies":[{"name":"wp","href":"https:\/\/api.w.org\/{rel}","templated":true}]}}